{"id":8627,"date":"2023-03-03T10:22:14","date_gmt":"2023-03-03T15:22:14","guid":{"rendered":"https:\/\/ttsenergyservices.com\/?page_id=8627"},"modified":"2025-05-06T13:58:23","modified_gmt":"2025-05-06T18:58:23","slug":"contacto","status":"publish","type":"page","link":"https:\/\/ttsenergyservices.com\/es\/contacto\/","title":{"rendered":"Contacto"},"content":{"rendered":"\t\t<div data-elementor-type=\"wp-page\" data-elementor-id=\"8627\" class=\"elementor elementor-8627 elementor-1569\" data-elementor-post-type=\"page\">\n\t\t\t\t\t\t<section class=\"elementor-section elementor-top-section elementor-element elementor-element-dc622fc elementor-section-full_width elementor-section-height-default elementor-section-height-default\" data-id=\"dc622fc\" data-element_type=\"section\" data-e-type=\"section\" data-settings=\"{&quot;background_background&quot;:&quot;classic&quot;}\">\n\t\t\t\t\t\t\t<div class=\"elementor-background-overlay\"><\/div>\n\t\t\t\t\t\t\t<div class=\"elementor-container elementor-column-gap-default\">\n\t\t\t\t\t<div class=\"elementor-column elementor-col-100 elementor-top-column elementor-element elementor-element-75aab9b\" data-id=\"75aab9b\" data-element_type=\"column\" data-e-type=\"column\">\n\t\t\t<div class=\"elementor-widget-wrap elementor-element-populated\">\n\t\t\t\t\t\t<div class=\"elementor-element elementor-element-319ee1f elementor-widget elementor-widget-text-editor\" data-id=\"319ee1f\" data-element_type=\"widget\" data-e-type=\"widget\" data-widget_type=\"text-editor.default\">\n\t\t\t\t<div class=\"elementor-widget-container\">\n\t\t\t\t\t\t\t\t\t<p><i>Nuestros ingenieros expertos est\u00e1n listos para ayudarte.<\/i><\/p>\n\t\t\t\t\t\t\t\t<\/div>\n\t\t\t\t<\/div>\n\t\t\t\t\t<\/div>\n\t\t<\/div>\n\t\t\t\t\t<\/div>\n\t\t<\/section>\n\t\t\t\t<section class=\"elementor-section elementor-top-section elementor-element elementor-element-ff12fa6 elementor-section-boxed elementor-section-height-default elementor-section-height-default\" data-id=\"ff12fa6\" data-element_type=\"section\" data-e-type=\"section\">\n\t\t\t\t\t\t<div class=\"elementor-container elementor-column-gap-default\">\n\t\t\t\t\t<div class=\"elementor-column elementor-col-50 elementor-top-column elementor-element elementor-element-613cd29\" data-id=\"613cd29\" data-element_type=\"column\" data-e-type=\"column\">\n\t\t\t<div class=\"elementor-widget-wrap elementor-element-populated\">\n\t\t\t\t\t\t<div class=\"elementor-element elementor-element-f28ba44 elementor-invisible elementor-widget elementor-widget-text-editor\" data-id=\"f28ba44\" data-element_type=\"widget\" data-e-type=\"widget\" data-settings=\"{&quot;_animation&quot;:&quot;fadeInDown&quot;}\" data-widget_type=\"text-editor.default\">\n\t\t\t\t<div class=\"elementor-widget-container\">\n\t\t\t\t\t\t\t\t\t<p>Sedes<\/p>\n\t\t\t\t\t\t\t\t<\/div>\n\t\t\t\t<\/div>\n\t\t\t\t<div class=\"elementor-element elementor-element-94908fb elementor-invisible elementor-widget elementor-widget-text-editor\" data-id=\"94908fb\" data-element_type=\"widget\" data-e-type=\"widget\" data-settings=\"{&quot;_animation&quot;:&quot;fadeIn&quot;}\" data-widget_type=\"text-editor.default\">\n\t\t\t\t<div class=\"elementor-widget-container\">\n\t\t\t\t\t\t\t\t\t<p style=\"text-align: center;\"><a href=\"https:\/\/goo.gl\/maps\/RoMqSUNxNrSsKsmB6\"><span style=\"color: #000000;\">6409 Romona Boulevard Houston, TX 77086<\/span><\/a><\/p><p style=\"text-align: center;\"><span style=\"color: #000000;\">Tel\u00e9fono: <a style=\"color: #000000;\" href=\"tel:+14076770813\">+1 (407) 677-0813 <\/a> <\/span><\/p>\t\t\t\t\t\t\t\t<\/div>\n\t\t\t\t<\/div>\n\t\t\t\t<div class=\"elementor-element elementor-element-0e31516 elementor-align-center elementor-laptop-align-justify elementor-tablet-align-right elementor-mobile-align-justify elementor-widget-tablet__width-initial elementor-invisible elementor-widget elementor-widget-button\" data-id=\"0e31516\" data-element_type=\"widget\" data-e-type=\"widget\" data-settings=\"{&quot;_animation&quot;:&quot;fadeInUp&quot;}\" data-widget_type=\"button.default\">\n\t\t\t\t<div class=\"elementor-widget-container\">\n\t\t\t\t\t\t\t\t\t<div class=\"elementor-button-wrapper\">\n\t\t\t\t\t<a class=\"elementor-button elementor-button-link elementor-size-sm elementor-animation-buzz-out\" href=\"https:\/\/ttsenergyservices.com\/tts-power\/\">\n\t\t\t\t\t\t<span class=\"elementor-button-content-wrapper\">\n\t\t\t\t\t\t\t\t\t<span class=\"elementor-button-text\">VISITA A TTS POWER<\/span>\n\t\t\t\t\t<\/span>\n\t\t\t\t\t<\/a>\n\t\t\t\t<\/div>\n\t\t\t\t\t\t\t\t<\/div>\n\t\t\t\t<\/div>\n\t\t\t\t<div class=\"elementor-element elementor-element-051383c elementor-align-center elementor-laptop-align-justify elementor-tablet-align-left elementor-mobile-align-justify elementor-widget-tablet__width-initial elementor-invisible elementor-widget elementor-widget-button\" data-id=\"051383c\" data-element_type=\"widget\" data-e-type=\"widget\" data-settings=\"{&quot;_animation&quot;:&quot;fadeInDown&quot;}\" data-widget_type=\"button.default\">\n\t\t\t\t<div class=\"elementor-widget-container\">\n\t\t\t\t\t\t\t\t\t<div class=\"elementor-button-wrapper\">\n\t\t\t\t\t<a class=\"elementor-button elementor-button-link elementor-size-sm elementor-animation-buzz-out\" href=\"https:\/\/ttsenergyservices.com\/tts-midstream\/\">\n\t\t\t\t\t\t<span class=\"elementor-button-content-wrapper\">\n\t\t\t\t\t\t\t\t\t<span class=\"elementor-button-text\">VISITA TTS MIDSTREAM<\/span>\n\t\t\t\t\t<\/span>\n\t\t\t\t\t<\/a>\n\t\t\t\t<\/div>\n\t\t\t\t\t\t\t\t<\/div>\n\t\t\t\t<\/div>\n\t\t\t\t<div class=\"elementor-element elementor-element-ca7ce87 elementor-widget elementor-widget-spacer\" data-id=\"ca7ce87\" data-element_type=\"widget\" data-e-type=\"widget\" data-widget_type=\"spacer.default\">\n\t\t\t\t<div class=\"elementor-widget-container\">\n\t\t\t\t\t\t\t<div class=\"elementor-spacer\">\n\t\t\t<div class=\"elementor-spacer-inner\"><\/div>\n\t\t<\/div>\n\t\t\t\t\t\t<\/div>\n\t\t\t\t<\/div>\n\t\t\t\t<section class=\"elementor-section elementor-inner-section elementor-element elementor-element-f3afa8b elementor-section-boxed elementor-section-height-default elementor-section-height-default elementor-invisible\" data-id=\"f3afa8b\" data-element_type=\"section\" data-e-type=\"section\" data-settings=\"{&quot;animation&quot;:&quot;fadeInLeft&quot;}\">\n\t\t\t\t\t\t<div class=\"elementor-container elementor-column-gap-default\">\n\t\t\t\t\t<div class=\"elementor-column elementor-col-50 elementor-inner-column elementor-element elementor-element-9d3fec0\" data-id=\"9d3fec0\" data-element_type=\"column\" data-e-type=\"column\">\n\t\t\t<div class=\"elementor-widget-wrap elementor-element-populated\">\n\t\t\t\t\t\t<div class=\"elementor-element elementor-element-5555196 elementor-widget elementor-widget-image\" data-id=\"5555196\" data-element_type=\"widget\" data-e-type=\"widget\" data-widget_type=\"image.default\">\n\t\t\t\t<div class=\"elementor-widget-container\">\n\t\t\t\t\t\t\t\t\t\t\t\t\t\t\t\t<a href=\"https:\/\/g.page\/r\/CdkAW6IusMmDEAI\/review\">\n\t\t\t\t\t\t\t<img fetchpriority=\"high\" decoding=\"async\" width=\"1000\" height=\"305\" src=\"https:\/\/ttsenergyservices.com\/wp-content\/uploads\/2022\/12\/Google-Review-PNG-Picture-e1670260978375.png\" class=\"attachment-full size-full wp-image-8310\" alt=\"\" srcset=\"https:\/\/ttsenergyservices.com\/wp-content\/uploads\/2022\/12\/Google-Review-PNG-Picture-e1670260978375.png 1000w, https:\/\/ttsenergyservices.com\/wp-content\/uploads\/2022\/12\/Google-Review-PNG-Picture-e1670260978375-470x143.png 470w, https:\/\/ttsenergyservices.com\/wp-content\/uploads\/2022\/12\/Google-Review-PNG-Picture-e1670260978375-970x296.png 970w, https:\/\/ttsenergyservices.com\/wp-content\/uploads\/2022\/12\/Google-Review-PNG-Picture-e1670260978375-768x234.png 768w\" sizes=\"(max-width: 1000px) 100vw, 1000px\" \/>\t\t\t\t\t\t\t\t<\/a>\n\t\t\t\t\t\t\t\t\t\t\t\t\t\t\t<\/div>\n\t\t\t\t<\/div>\n\t\t\t\t\t<\/div>\n\t\t<\/div>\n\t\t\t\t<div class=\"elementor-column elementor-col-50 elementor-inner-column elementor-element elementor-element-b2b4063\" data-id=\"b2b4063\" data-element_type=\"column\" data-e-type=\"column\">\n\t\t\t<div class=\"elementor-widget-wrap elementor-element-populated\">\n\t\t\t\t\t\t<div class=\"elementor-element elementor-element-17e9e86 elementor-shape-circle e-grid-align-left e-grid-align-mobile-center elementor-grid-tablet-0 e-grid-align-tablet-center elementor-grid-0 elementor-widget elementor-widget-social-icons\" data-id=\"17e9e86\" data-element_type=\"widget\" data-e-type=\"widget\" data-widget_type=\"social-icons.default\">\n\t\t\t\t<div class=\"elementor-widget-container\">\n\t\t\t\t\t\t\t<div class=\"elementor-social-icons-wrapper elementor-grid\" role=\"list\">\n\t\t\t\t\t\t\t<span class=\"elementor-grid-item\" role=\"listitem\">\n\t\t\t\t\t<a class=\"elementor-icon elementor-social-icon elementor-social-icon-facebook-f elementor-repeater-item-7027290\" href=\"https:\/\/www.facebook.com\/ttsenergy\/\" target=\"_blank\">\n\t\t\t\t\t\t<span class=\"elementor-screen-only\">Facebook-f<\/span>\n\t\t\t\t\t\t<i aria-hidden=\"true\" class=\"fab fa-facebook-f\"><\/i>\t\t\t\t\t<\/a>\n\t\t\t\t<\/span>\n\t\t\t\t\t\t\t<span class=\"elementor-grid-item\" role=\"listitem\">\n\t\t\t\t\t<a class=\"elementor-icon elementor-social-icon elementor-social-icon-linkedin elementor-repeater-item-6861961\" href=\"https:\/\/www.linkedin.com\/company\/607825\/admin\/\" target=\"_blank\">\n\t\t\t\t\t\t<span class=\"elementor-screen-only\">Linkedin<\/span>\n\t\t\t\t\t\t<i aria-hidden=\"true\" class=\"fab fa-linkedin\"><\/i>\t\t\t\t\t<\/a>\n\t\t\t\t<\/span>\n\t\t\t\t\t\t\t<span class=\"elementor-grid-item\" role=\"listitem\">\n\t\t\t\t\t<a class=\"elementor-icon elementor-social-icon elementor-social-icon-youtube elementor-repeater-item-6a268ae\" href=\"https:\/\/www.youtube.com\/channel\/UC7DIpO80L9o1bI9XN2ZvZwQ\" target=\"_blank\">\n\t\t\t\t\t\t<span class=\"elementor-screen-only\">Youtube<\/span>\n\t\t\t\t\t\t<i aria-hidden=\"true\" class=\"fab fa-youtube\"><\/i>\t\t\t\t\t<\/a>\n\t\t\t\t<\/span>\n\t\t\t\t\t<\/div>\n\t\t\t\t\t\t<\/div>\n\t\t\t\t<\/div>\n\t\t\t\t\t<\/div>\n\t\t<\/div>\n\t\t\t\t\t<\/div>\n\t\t<\/section>\n\t\t\t\t\t<\/div>\n\t\t<\/div>\n\t\t\t\t<div class=\"elementor-column elementor-col-50 elementor-top-column elementor-element elementor-element-691bf0e elementor-invisible\" data-id=\"691bf0e\" data-element_type=\"column\" data-e-type=\"column\" data-settings=\"{&quot;animation&quot;:&quot;zoomIn&quot;}\">\n\t\t\t<div class=\"elementor-widget-wrap elementor-element-populated\">\n\t\t\t\t\t\t<div class=\"elementor-element elementor-element-c1c3f84 elementor-widget elementor-widget-html\" data-id=\"c1c3f84\" data-element_type=\"widget\" data-e-type=\"widget\" data-widget_type=\"html.default\">\n\t\t\t\t<div class=\"elementor-widget-container\">\n\t\t\t\t\t<iframe class=\"mapa\" src=\"https:\/\/www.google.com\/maps\/embed?pb=!1m14!1m8!1m3!1d14015.480850048512!2d-81.2006301!3d28.5736598!3m2!1i1024!2i768!4f13.1!3m3!1m2!1s0x0%3A0x83c9b02ea25b00d9!2sTTS%20-%20Turbine%20Technology%20Services%20Corporation!5e0!3m2!1sen!2sco!4v1669941776013!5m2!1sen!2sco\" width=\"800\" height=\"600\" allowfullscreen=\"\" loading=\"lazy\" referrerpolicy=\"no-referrer-when-downgrade\"><\/iframe>\t\t\t\t<\/div>\n\t\t\t\t<\/div>\n\t\t\t\t\t<\/div>\n\t\t<\/div>\n\t\t\t\t\t<\/div>\n\t\t<\/section>\n\t\t\t\t<section class=\"elementor-section elementor-top-section elementor-element elementor-element-e10a0d5 elementor-section-boxed elementor-section-height-default elementor-section-height-default\" data-id=\"e10a0d5\" data-element_type=\"section\" data-e-type=\"section\">\n\t\t\t\t\t\t<div class=\"elementor-container elementor-column-gap-no\">\n\t\t\t\t\t<div class=\"elementor-column elementor-col-100 elementor-top-column elementor-element elementor-element-fefb199\" data-id=\"fefb199\" data-element_type=\"column\" data-e-type=\"column\">\n\t\t\t<div class=\"elementor-widget-wrap elementor-element-populated\">\n\t\t\t\t\t\t<div class=\"elementor-element elementor-element-32ed885 elementor-invisible elementor-widget elementor-widget-text-editor\" data-id=\"32ed885\" data-element_type=\"widget\" data-e-type=\"widget\" data-settings=\"{&quot;_animation&quot;:&quot;fadeInDown&quot;}\" data-widget_type=\"text-editor.default\">\n\t\t\t\t<div class=\"elementor-widget-container\">\n\t\t\t\t\t\t\t\t\t<p>Cont\u00e1ctanos<\/p>\t\t\t\t\t\t\t\t<\/div>\n\t\t\t\t<\/div>\n\t\t\t\t<div class=\"elementor-element elementor-element-3b758fe elementor-widget elementor-widget-shortcode\" data-id=\"3b758fe\" data-element_type=\"widget\" data-e-type=\"widget\" data-widget_type=\"shortcode.default\">\n\t\t\t\t<div class=\"elementor-widget-container\">\n\t\t\t\t\t\t\t<div class=\"elementor-shortcode\">\n<div class=\"wpcf7 no-js\" id=\"wpcf7-f5739-o1\" lang=\"en-US\" dir=\"ltr\" data-wpcf7-id=\"5739\">\n<div class=\"screen-reader-response\"><p role=\"status\" aria-live=\"polite\" aria-atomic=\"true\"><\/p> <ul><\/ul><\/div>\n<form action=\"\/es\/wp-json\/wp\/v2\/pages\/8627#wpcf7-f5739-o1\" method=\"post\" class=\"wpcf7-form init cf7c-form\" aria-label=\"Contact form\" novalidate=\"novalidate\" data-status=\"init\">\n<fieldset class=\"hidden-fields-container\"><input type=\"hidden\" name=\"_wpcf7\" value=\"5739\" \/><input type=\"hidden\" name=\"_wpcf7_version\" value=\"6.1.5\" \/><input type=\"hidden\" name=\"_wpcf7_locale\" value=\"en_US\" \/><input type=\"hidden\" name=\"_wpcf7_unit_tag\" value=\"wpcf7-f5739-o1\" \/><input type=\"hidden\" name=\"_wpcf7_container_post\" value=\"0\" \/><input type=\"hidden\" name=\"_wpcf7_posted_data_hash\" value=\"\" \/><input type=\"hidden\" name=\"_wpcf7_recaptcha_response\" value=\"\" \/>\n<\/fieldset>\n<div class=\"cf7c-form__wrapper\">\n\t<div class=\"cf7c-form__elements\">\n\t\t<div class=\"cf7c-form__grid\">\n\t\t\t<div class=\"cf7c-form__form-element cf7c-form__column\">\n\t\t\t\t<p><span class=\"wpcf7-form-control-wrap\" data-name=\"your-name\"><input size=\"40\" maxlength=\"400\" class=\"wpcf7-form-control wpcf7-text wpcf7-validates-as-required\" aria-required=\"true\" aria-invalid=\"false\" placeholder=\"Nombre*\" value=\"\" type=\"text\" name=\"your-name\" \/><\/span>\n\t\t\t\t<\/p>\n\t\t\t<\/div>\n\t\t\t<div class=\"cf7c-form__form-element cf7c-form__column cf7c-form__column--left\">\n\t\t\t\t<p><span class=\"wpcf7-form-control-wrap\" data-name=\"your-email\"><input size=\"40\" maxlength=\"400\" class=\"wpcf7-form-control wpcf7-email wpcf7-validates-as-required wpcf7-text wpcf7-validates-as-email\" aria-required=\"true\" aria-invalid=\"false\" placeholder=\"Correo*\" value=\"\" type=\"email\" name=\"your-email\" \/><\/span>\n\t\t\t\t<\/p>\n\t\t\t<\/div>\n\t\t<\/div>\n\t\t<div class=\"cf7c-form__form-element\">\n\t\t\t<p><span class=\"wpcf7-form-control-wrap\" data-name=\"your-phone\"><input size=\"40\" maxlength=\"400\" class=\"wpcf7-form-control wpcf7-text wpcf7-validates-as-required\" aria-required=\"true\" aria-invalid=\"false\" placeholder=\"Phone*\" value=\"\" type=\"text\" name=\"your-phone\" \/><\/span>\n\t\t\t<\/p>\n\t\t<\/div>\n\t\t<div class=\"cf7c-form__form-element\">\n\t\t\t<p><span class=\"wpcf7-form-control-wrap\" data-name=\"your-subject\"><input size=\"40\" maxlength=\"400\" class=\"wpcf7-form-control wpcf7-text wpcf7-validates-as-required\" aria-required=\"true\" aria-invalid=\"false\" placeholder=\"Asunto*\" value=\"\" type=\"text\" name=\"your-subject\" \/><\/span>\n\t\t\t<\/p>\n\t\t<\/div>\n\t\t<div class=\"cf7c-form__form-element\">\n\t\t\t<p><span class=\"wpcf7-form-control-wrap\" data-name=\"your-message\"><textarea cols=\"40\" rows=\"4\" maxlength=\"2000\" class=\"wpcf7-form-control wpcf7-textarea wpcf7-validates-as-required\" aria-required=\"true\" aria-invalid=\"false\" placeholder=\"Mensaje*\" name=\"your-message\"><\/textarea><\/span>\n\t\t\t<\/p>\n\t\t<\/div>\n\t<\/div>\n\t<div class=\"cf7c-form__submit\">\n\t\t<p><input class=\"wpcf7-form-control wpcf7-submit has-spinner\" type=\"submit\" value=\"Enviar\" \/>\n\t\t<\/p>\n\t<\/div>\n<\/div><p><input type=\"hidden\" name=\"param[user_id]\" value=\"cp-uid-1776881143\" \/>\n\t\t\t\t<input type=\"hidden\" name=\"param[date]\" value=\"22-4-2026\" \/>\n\t\t\t\t<input type=\"hidden\" name=\"list_parent_index\" value=\"\"\/>\n\t\t\t\t<input type=\"hidden\" name=\"option\" value=\"cp__\"\/>\n\t\t\t\t<input type=\"hidden\" name=\"redirect\" value=\"\"\/>\n\t\t\t\t<input type=\"hidden\" name=\"list_id\" value=\"\" \/>\n\t\t\t\t<input type=\"hidden\" name=\"source\" id=\"cp_source\" value=\"contact_form7\"\/><\/p><div class=\"wpcf7-response-output\" aria-hidden=\"true\"><\/div>\n<\/form>\n<\/div>\n<\/div>\n\t\t\t\t\t\t<\/div>\n\t\t\t\t<\/div>\n\t\t\t\t\t<\/div>\n\t\t<\/div>\n\t\t\t\t\t<\/div>\n\t\t<\/section>\n\t\t\t\t<\/div>\n\t\t","protected":false},"excerpt":{"rendered":"<p>Nuestros ingenieros expertos est\u00e1n listos para ayudarte. Sedes 6409 Romona Boulevard Houston, TX 77086 Tel\u00e9fono: +1 (407) 677-0813 VISITA A TTS POWER VISITA TTS MIDSTREAM Facebook-f Linkedin Youtube Cont\u00e1ctanos<\/p>\n","protected":false},"author":7,"featured_media":0,"parent":0,"menu_order":0,"comment_status":"closed","ping_status":"closed","template":"","meta":{"_kad_post_transparent":"","_kad_post_title":"hide","_kad_post_layout":"fullwidth","_kad_post_sidebar_id":"","_kad_post_content_style":"unboxed","_kad_post_vertical_padding":"hide","_kad_post_feature":"hide","_kad_post_feature_position":"","_kad_post_header":false,"_kad_post_footer":false,"_kad_post_classname":"","footnotes":""},"class_list":["post-8627","page","type-page","status-publish","hentry"],"yoast_head":"<!-- This site is optimized with the Yoast SEO plugin v27.3 - https:\/\/yoast.com\/product\/yoast-seo-wordpress\/ -->\n<title>Contacto - TTS Energy Services<\/title>\n<meta name=\"description\" content=\"TTS, formally called Turbine Technology Services, is the \ufb02agship for two market-focused companies: TTS Power and TTS Midstream. Contact us today\" \/>\n<meta name=\"robots\" content=\"index, follow, max-snippet:-1, max-image-preview:large, max-video-preview:-1\" \/>\n<link rel=\"canonical\" href=\"https:\/\/ttsenergyservices.com\/es\/contacto\/\" \/>\n<meta property=\"og:locale\" content=\"es_ES\" \/>\n<meta property=\"og:type\" content=\"article\" \/>\n<meta property=\"og:title\" content=\"Contacto - TTS Energy Services\" \/>\n<meta property=\"og:description\" content=\"TTS, formally called Turbine Technology Services, is the \ufb02agship for two market-focused companies: TTS Power and TTS Midstream. Contact us today\" \/>\n<meta property=\"og:url\" content=\"https:\/\/ttsenergyservices.com\/es\/contacto\/\" \/>\n<meta property=\"og:site_name\" content=\"TTS Energy Services\" \/>\n<meta property=\"article:modified_time\" content=\"2025-05-06T18:58:23+00:00\" \/>\n<meta property=\"og:image\" content=\"https:\/\/ttsenergyservices.com\/wp-content\/uploads\/2022\/12\/Google-Review-PNG-Picture-e1670260978375.png\" \/>\n\t<meta property=\"og:image:width\" content=\"1000\" \/>\n\t<meta property=\"og:image:height\" content=\"305\" \/>\n\t<meta property=\"og:image:type\" content=\"image\/png\" \/>\n<meta name=\"twitter:card\" content=\"summary_large_image\" \/>\n<meta name=\"twitter:label1\" content=\"Tiempo de lectura\" \/>\n\t<meta name=\"twitter:data1\" content=\"1 minuto\" \/>\n<script type=\"application\/ld+json\" class=\"yoast-schema-graph\">{\"@context\":\"https:\\\/\\\/schema.org\",\"@graph\":[{\"@type\":\"WebPage\",\"@id\":\"https:\\\/\\\/ttsenergyservices.com\\\/contact\\\/\",\"url\":\"https:\\\/\\\/ttsenergyservices.com\\\/es\\\/contacto\\\/\",\"name\":\"Contacto - TTS Energy Services\",\"isPartOf\":{\"@id\":\"https:\\\/\\\/ttsenergyservices.com\\\/#website\"},\"primaryImageOfPage\":{\"@id\":\"https:\\\/\\\/ttsenergyservices.com\\\/es\\\/contacto\\\/#primaryimage\"},\"image\":{\"@id\":\"https:\\\/\\\/ttsenergyservices.com\\\/es\\\/contacto\\\/#primaryimage\"},\"thumbnailUrl\":\"https:\\\/\\\/ttsenergyservices.com\\\/wp-content\\\/uploads\\\/2022\\\/12\\\/Google-Review-PNG-Picture-e1670260978375.png\",\"datePublished\":\"2023-03-03T15:22:14+00:00\",\"dateModified\":\"2025-05-06T18:58:23+00:00\",\"description\":\"TTS, formally called Turbine Technology Services, is the \ufb02agship for two market-focused companies: TTS Power and TTS Midstream. Contact us today\",\"breadcrumb\":{\"@id\":\"https:\\\/\\\/ttsenergyservices.com\\\/es\\\/contacto\\\/#breadcrumb\"},\"inLanguage\":\"es\",\"potentialAction\":[{\"@type\":\"ReadAction\",\"target\":[\"https:\\\/\\\/ttsenergyservices.com\\\/es\\\/contacto\\\/\"]}]},{\"@type\":\"ImageObject\",\"inLanguage\":\"es\",\"@id\":\"https:\\\/\\\/ttsenergyservices.com\\\/es\\\/contacto\\\/#primaryimage\",\"url\":\"https:\\\/\\\/ttsenergyservices.com\\\/wp-content\\\/uploads\\\/2022\\\/12\\\/Google-Review-PNG-Picture-e1670260978375.png\",\"contentUrl\":\"https:\\\/\\\/ttsenergyservices.com\\\/wp-content\\\/uploads\\\/2022\\\/12\\\/Google-Review-PNG-Picture-e1670260978375.png\"},{\"@type\":\"BreadcrumbList\",\"@id\":\"https:\\\/\\\/ttsenergyservices.com\\\/es\\\/contacto\\\/#breadcrumb\",\"itemListElement\":[{\"@type\":\"ListItem\",\"position\":1,\"name\":\"Home\",\"item\":\"https:\\\/\\\/ttsenergyservices.com\\\/es\\\/\"},{\"@type\":\"ListItem\",\"position\":2,\"name\":\"Contacto\"}]},{\"@type\":\"WebSite\",\"@id\":\"https:\\\/\\\/ttsenergyservices.com\\\/#website\",\"url\":\"https:\\\/\\\/ttsenergyservices.com\\\/\",\"name\":\"TTS Energy Services\",\"description\":\"TTS Energy Services Corporation\",\"publisher\":{\"@id\":\"https:\\\/\\\/ttsenergyservices.com\\\/#organization\"},\"potentialAction\":[{\"@type\":\"SearchAction\",\"target\":{\"@type\":\"EntryPoint\",\"urlTemplate\":\"https:\\\/\\\/ttsenergyservices.com\\\/?s={search_term_string}\"},\"query-input\":{\"@type\":\"PropertyValueSpecification\",\"valueRequired\":true,\"valueName\":\"search_term_string\"}}],\"inLanguage\":\"es\"},{\"@type\":\"Organization\",\"@id\":\"https:\\\/\\\/ttsenergyservices.com\\\/#organization\",\"name\":\"Turbine Technology Services\",\"url\":\"https:\\\/\\\/ttsenergyservices.com\\\/\",\"logo\":{\"@type\":\"ImageObject\",\"inLanguage\":\"es\",\"@id\":\"https:\\\/\\\/ttsenergyservices.com\\\/#\\\/schema\\\/logo\\\/image\\\/\",\"url\":\"https:\\\/\\\/ttsenergyservices.com\\\/wp-content\\\/uploads\\\/2022\\\/11\\\/Logo-Header.png\",\"contentUrl\":\"https:\\\/\\\/ttsenergyservices.com\\\/wp-content\\\/uploads\\\/2022\\\/11\\\/Logo-Header.png\",\"width\":500,\"height\":294,\"caption\":\"Turbine Technology Services\"},\"image\":{\"@id\":\"https:\\\/\\\/ttsenergyservices.com\\\/#\\\/schema\\\/logo\\\/image\\\/\"}}]}<\/script>\n<!-- \/ Yoast SEO plugin. -->","yoast_head_json":{"title":"Contacto - TTS Energy Services","description":"TTS, formally called Turbine Technology Services, is the \ufb02agship for two market-focused companies: TTS Power and TTS Midstream. Contact us today","robots":{"index":"index","follow":"follow","max-snippet":"max-snippet:-1","max-image-preview":"max-image-preview:large","max-video-preview":"max-video-preview:-1"},"canonical":"https:\/\/ttsenergyservices.com\/es\/contacto\/","og_locale":"es_ES","og_type":"article","og_title":"Contacto - TTS Energy Services","og_description":"TTS, formally called Turbine Technology Services, is the \ufb02agship for two market-focused companies: TTS Power and TTS Midstream. Contact us today","og_url":"https:\/\/ttsenergyservices.com\/es\/contacto\/","og_site_name":"TTS Energy Services","article_modified_time":"2025-05-06T18:58:23+00:00","og_image":[{"width":1000,"height":305,"url":"https:\/\/ttsenergyservices.com\/wp-content\/uploads\/2022\/12\/Google-Review-PNG-Picture-e1670260978375.png","type":"image\/png"}],"twitter_card":"summary_large_image","twitter_misc":{"Tiempo de lectura":"1 minuto"},"schema":{"@context":"https:\/\/schema.org","@graph":[{"@type":"WebPage","@id":"https:\/\/ttsenergyservices.com\/contact\/","url":"https:\/\/ttsenergyservices.com\/es\/contacto\/","name":"Contacto - TTS Energy Services","isPartOf":{"@id":"https:\/\/ttsenergyservices.com\/#website"},"primaryImageOfPage":{"@id":"https:\/\/ttsenergyservices.com\/es\/contacto\/#primaryimage"},"image":{"@id":"https:\/\/ttsenergyservices.com\/es\/contacto\/#primaryimage"},"thumbnailUrl":"https:\/\/ttsenergyservices.com\/wp-content\/uploads\/2022\/12\/Google-Review-PNG-Picture-e1670260978375.png","datePublished":"2023-03-03T15:22:14+00:00","dateModified":"2025-05-06T18:58:23+00:00","description":"TTS, formally called Turbine Technology Services, is the \ufb02agship for two market-focused companies: TTS Power and TTS Midstream. Contact us today","breadcrumb":{"@id":"https:\/\/ttsenergyservices.com\/es\/contacto\/#breadcrumb"},"inLanguage":"es","potentialAction":[{"@type":"ReadAction","target":["https:\/\/ttsenergyservices.com\/es\/contacto\/"]}]},{"@type":"ImageObject","inLanguage":"es","@id":"https:\/\/ttsenergyservices.com\/es\/contacto\/#primaryimage","url":"https:\/\/ttsenergyservices.com\/wp-content\/uploads\/2022\/12\/Google-Review-PNG-Picture-e1670260978375.png","contentUrl":"https:\/\/ttsenergyservices.com\/wp-content\/uploads\/2022\/12\/Google-Review-PNG-Picture-e1670260978375.png"},{"@type":"BreadcrumbList","@id":"https:\/\/ttsenergyservices.com\/es\/contacto\/#breadcrumb","itemListElement":[{"@type":"ListItem","position":1,"name":"Home","item":"https:\/\/ttsenergyservices.com\/es\/"},{"@type":"ListItem","position":2,"name":"Contacto"}]},{"@type":"WebSite","@id":"https:\/\/ttsenergyservices.com\/#website","url":"https:\/\/ttsenergyservices.com\/","name":"TTS Energy Services","description":"TTS Energy Services Corporation","publisher":{"@id":"https:\/\/ttsenergyservices.com\/#organization"},"potentialAction":[{"@type":"SearchAction","target":{"@type":"EntryPoint","urlTemplate":"https:\/\/ttsenergyservices.com\/?s={search_term_string}"},"query-input":{"@type":"PropertyValueSpecification","valueRequired":true,"valueName":"search_term_string"}}],"inLanguage":"es"},{"@type":"Organization","@id":"https:\/\/ttsenergyservices.com\/#organization","name":"Turbine Technology Services","url":"https:\/\/ttsenergyservices.com\/","logo":{"@type":"ImageObject","inLanguage":"es","@id":"https:\/\/ttsenergyservices.com\/#\/schema\/logo\/image\/","url":"https:\/\/ttsenergyservices.com\/wp-content\/uploads\/2022\/11\/Logo-Header.png","contentUrl":"https:\/\/ttsenergyservices.com\/wp-content\/uploads\/2022\/11\/Logo-Header.png","width":500,"height":294,"caption":"Turbine Technology Services"},"image":{"@id":"https:\/\/ttsenergyservices.com\/#\/schema\/logo\/image\/"}}]}},"_links":{"self":[{"href":"https:\/\/ttsenergyservices.com\/es\/wp-json\/wp\/v2\/pages\/8627","targetHints":{"allow":["GET"]}}],"collection":[{"href":"https:\/\/ttsenergyservices.com\/es\/wp-json\/wp\/v2\/pages"}],"about":[{"href":"https:\/\/ttsenergyservices.com\/es\/wp-json\/wp\/v2\/types\/page"}],"author":[{"embeddable":true,"href":"https:\/\/ttsenergyservices.com\/es\/wp-json\/wp\/v2\/users\/7"}],"replies":[{"embeddable":true,"href":"https:\/\/ttsenergyservices.com\/es\/wp-json\/wp\/v2\/comments?post=8627"}],"version-history":[{"count":3,"href":"https:\/\/ttsenergyservices.com\/es\/wp-json\/wp\/v2\/pages\/8627\/revisions"}],"predecessor-version":[{"id":69378,"href":"https:\/\/ttsenergyservices.com\/es\/wp-json\/wp\/v2\/pages\/8627\/revisions\/69378"}],"wp:attachment":[{"href":"https:\/\/ttsenergyservices.com\/es\/wp-json\/wp\/v2\/media?parent=8627"}],"curies":[{"name":"wp","href":"https:\/\/api.w.org\/{rel}","templated":true}]}}